{"id":319,"date":"2022-04-11T10:22:14","date_gmt":"2022-04-11T08:22:14","guid":{"rendered":"https:\/\/jakubowski.cloth.be\/?page_id=319"},"modified":"2025-08-19T13:02:39","modified_gmt":"2025-08-19T11:02:39","slug":"mentions-legales","status":"publish","type":"page","link":"https:\/\/notare-jakubowski-bocken.be\/fr\/mentions-legales\/","title":{"rendered":"Mentions l\u00e9gales"},"content":{"rendered":"<h3>Editeurs responsables :<\/h3>\n<p><strong>JEAN-MARIE JAKUBOWSKI &#038; SVEN BOCKEN<\/strong><br \/>\nLascheterweg 10<br \/>\n4700 Eupen<br \/>\nBelgique<\/p>\n<p>&nbsp;<br \/>\nEmail:<br \/>\n<a href=\"mailto:jeanmarie.jakubowski@belnot.be\">jeanmarie.jakubowski@belnot.be<\/a><br \/>\n<a href=\"mailto:sven.bocken@belnot.be\">sven.bocken@belnot.be<\/a><\/p>\n<p>&nbsp;<br \/>\nTel.: <a href=\"tel:+32 (0)87 74 20 63\">+32 (0)87 74 20 63<\/a><br \/>\nFax: <a href=\"tel: +32 (0)87 55 29 58\">+32 (0)87 55 29 58<\/a><\/p>\n<p>&nbsp;<\/p>\n<p><strong>Soci\u00e9t\u00e9 \u00e0 responsabilit\u00e9 limit\u00e9e<\/strong><br \/>\nRPM Eupen n\u00b0 1016 479 034<br \/>\nTVA: BE 1016.479.034<\/p>\n<p>&nbsp;<\/p>\n<p><strong>Comptes de tiers<\/strong><br \/>\nCRELAN: BE74 1030 9973 9007<br \/>\nKBC: BE19 7310 6667 1812<\/p>\n<p><\/br><\/br><\/p>\n<h3>R\u00e9alisation :<\/h3>\n<p><strong>CLOTH. kreativbureau<\/strong><\/p>\n<p>Schnellewindgasse 8<br \/>\nB-4700 Eupen<br \/>\nE-Mail: <a href=\"mailto:info@cloth.be\">info@cloth.be<\/a><br \/>\nWeb: <a href=\"https:\/\/www.cloth.be\" target=\"_blank\" rel=\"noopener noreferrer\">www.cloth.be<\/a><\/p>\n","protected":false},"excerpt":{"rendered":"Editeurs responsables : JEAN-MARIE JAKUBOWSKI &#038; SVEN BOCKEN Lascheterweg 10 4700 Eupen Belgique &nbsp; Email: jeanmarie.jakubowski@belnot.be sven.bocken@belnot.be &nbsp; Tel.: +32 (0)87 74 20 63 Fax: +32 (0)87 55 29 58 &nbsp; Soci\u00e9t\u00e9 \u00e0 responsabilit\u00e9 limit\u00e9e RPM Eupen n\u00b0 1016 479 034 TVA: BE 1016.479.034 &nbsp; Comptes de tiers CRELAN: BE74 1030 9973 9007 KBC: BE19 [&hellip;]","protected":false},"author":2,"featured_media":0,"parent":0,"menu_order":10,"comment_status":"closed","ping_status":"closed","template":"default.php","meta":{"_acf_changed":false,"footnotes":""},"class_list":["post-319","page","type-page","status-publish","hentry"],"acf":[],"_links":{"self":[{"href":"https:\/\/notare-jakubowski-bocken.be\/fr\/wp-json\/wp\/v2\/pages\/319","targetHints":{"allow":["GET"]}}],"collection":[{"href":"https:\/\/notare-jakubowski-bocken.be\/fr\/wp-json\/wp\/v2\/pages"}],"about":[{"href":"https:\/\/notare-jakubowski-bocken.be\/fr\/wp-json\/wp\/v2\/types\/page"}],"author":[{"embeddable":true,"href":"https:\/\/notare-jakubowski-bocken.be\/fr\/wp-json\/wp\/v2\/users\/2"}],"replies":[{"embeddable":true,"href":"https:\/\/notare-jakubowski-bocken.be\/fr\/wp-json\/wp\/v2\/comments?post=319"}],"version-history":[{"count":5,"href":"https:\/\/notare-jakubowski-bocken.be\/fr\/wp-json\/wp\/v2\/pages\/319\/revisions"}],"predecessor-version":[{"id":423,"href":"https:\/\/notare-jakubowski-bocken.be\/fr\/wp-json\/wp\/v2\/pages\/319\/revisions\/423"}],"wp:attachment":[{"href":"https:\/\/notare-jakubowski-bocken.be\/fr\/wp-json\/wp\/v2\/media?parent=319"}],"curies":[{"name":"wp","href":"https:\/\/api.w.org\/{rel}","templated":true}]}}